{"id":38,"date":"2024-11-14T03:57:21","date_gmt":"2024-11-14T03:57:21","guid":{"rendered":"https:\/\/alissontorres.iemtapolicarpasalavarrieta.cloud\/?page_id=38"},"modified":"2024-11-15T01:06:38","modified_gmt":"2024-11-15T01:06:38","slug":"proyecto-enpresarial","status":"publish","type":"page","link":"https:\/\/alissontorres.iemtapolicarpasalavarrieta.cloud\/index.php\/proyecto-enpresarial\/","title":{"rendered":"Proyecto enpresarial"},"content":{"rendered":"\n<p>Te quiero presentar mi proyecto empresarial que en este momentos estamos realizando junto a mis compa\u00f1eras en este momento lo estamos proyectando para poner en funci\u00f3n el pr\u00f3ximo a\u00f1o 2025 junto a la profesora Maria Avila <\/p>\n\n\n\n<figure class=\"wp-block-image size-large\"><img loading=\"lazy\" decoding=\"async\" width=\"473\" height=\"1024\" src=\"https:\/\/alissontorres.iemtapolicarpasalavarrieta.cloud\/wp-content\/uploads\/2024\/11\/WhatsApp-Image-2024-11-06-at-5.02.18-PM-473x1024.jpeg\" alt=\"\" class=\"wp-image-65\" srcset=\"https:\/\/alissontorres.iemtapolicarpasalavarrieta.cloud\/wp-content\/uploads\/2024\/11\/WhatsApp-Image-2024-11-06-at-5.02.18-PM-473x1024.jpeg 473w, https:\/\/alissontorres.iemtapolicarpasalavarrieta.cloud\/wp-content\/uploads\/2024\/11\/WhatsApp-Image-2024-11-06-at-5.02.18-PM-138x300.jpeg 138w, https:\/\/alissontorres.iemtapolicarpasalavarrieta.cloud\/wp-content\/uploads\/2024\/11\/WhatsApp-Image-2024-11-06-at-5.02.18-PM-709x1536.jpeg 709w, https:\/\/alissontorres.iemtapolicarpasalavarrieta.cloud\/wp-content\/uploads\/2024\/11\/WhatsApp-Image-2024-11-06-at-5.02.18-PM.jpeg 720w\" sizes=\"(max-width: 473px) 100vw, 473px\" \/><\/figure>\n","protected":false},"excerpt":{"rendered":"<p>Te quiero presentar mi proyecto empresarial que en este momentos estamos realizando junto a mis compa\u00f1eras en este momento lo estamos proyectando para poner en funci\u00f3n el pr\u00f3ximo a\u00f1o 2025 junto a la profesora Maria Avila<\/p>\n","protected":false},"author":1,"featured_media":0,"parent":0,"menu_order":0,"comment_status":"closed","ping_status":"closed","template":"","meta":{"footnotes":""},"_links":{"self":[{"href":"https:\/\/alissontorres.iemtapolicarpasalavarrieta.cloud\/index.php\/wp-json\/wp\/v2\/pages\/38"}],"collection":[{"href":"https:\/\/alissontorres.iemtapolicarpasalavarrieta.cloud\/index.php\/wp-json\/wp\/v2\/pages"}],"about":[{"href":"https:\/\/alissontorres.iemtapolicarpasalavarrieta.cloud\/index.php\/wp-json\/wp\/v2\/types\/page"}],"author":[{"embeddable":true,"href":"https:\/\/alissontorres.iemtapolicarpasalavarrieta.cloud\/index.php\/wp-json\/wp\/v2\/users\/1"}],"replies":[{"embeddable":true,"href":"https:\/\/alissontorres.iemtapolicarpasalavarrieta.cloud\/index.php\/wp-json\/wp\/v2\/comments?post=38"}],"version-history":[{"count":3,"href":"https:\/\/alissontorres.iemtapolicarpasalavarrieta.cloud\/index.php\/wp-json\/wp\/v2\/pages\/38\/revisions"}],"predecessor-version":[{"id":66,"href":"https:\/\/alissontorres.iemtapolicarpasalavarrieta.cloud\/index.php\/wp-json\/wp\/v2\/pages\/38\/revisions\/66"}],"wp:attachment":[{"href":"https:\/\/alissontorres.iemtapolicarpasalavarrieta.cloud\/index.php\/wp-json\/wp\/v2\/media?parent=38"}],"curies":[{"name":"wp","href":"https:\/\/api.w.org\/{rel}","templated":true}]}}